{"id":16415,"date":"2025-03-18T10:37:48","date_gmt":"2025-03-18T09:37:48","guid":{"rendered":"https:\/\/lapastisseria.cat\/?page_id=16415"},"modified":"2025-05-08T13:41:18","modified_gmt":"2025-05-08T11:41:18","slug":"terminos-legales-privacidad-y-cookies","status":"publish","type":"page","link":"https:\/\/lapastisseria.cat\/es\/terminos-legales-privacidad-y-cookies\/","title":{"rendered":"T\u00e9rminos legales, privacidad y cookies"},"content":{"rendered":"\t\t<div data-elementor-type=\"wp-page\" data-elementor-id=\"16415\" class=\"elementor elementor-16415\" data-elementor-post-type=\"page\">\n\t\t\t\t\t\t<section class=\"elementor-section elementor-top-section elementor-element elementor-element-91c866f elementor-section-boxed elementor-section-height-default elementor-section-height-default\" data-id=\"91c866f\" data-element_type=\"section\">\n\t\t\t\t\t\t<div class=\"elementor-container elementor-column-gap-default\">\n\t\t\t\t\t<div class=\"elementor-column elementor-col-100 elementor-top-column elementor-element elementor-element-4b4b211\" data-id=\"4b4b211\" data-element_type=\"column\">\n\t\t\t<div class=\"elementor-widget-wrap elementor-element-populated\">\n\t\t\t\t\t\t<div class=\"elementor-element elementor-element-197be71 lte-heading-style-default elementor-widget elementor-widget-lte-header\" data-id=\"197be71\" data-element_type=\"widget\" data-widget_type=\"lte-header.default\">\n\t\t\t\t<div class=\"elementor-widget-container\">\n\t\t\t\t\t<div class=\"lte-heading lte-style-default lte-color-main lte-subcolor-main heading-tag-h5 heading-subtag-h6\"><div class=\"lte-heading-content\"><h5 class=\"lte-header\">T\u00c9RMINOS LEGALES<\/h5><\/div><\/div>\t\t\t\t<\/div>\n\t\t\t\t<\/div>\n\t\t\t\t<div class=\"elementor-element elementor-element-6030a26 elementor-widget__width-inherit elementor-widget elementor-widget-text-editor\" data-id=\"6030a26\" data-element_type=\"widget\" data-widget_type=\"text-editor.default\">\n\t\t\t\t<div class=\"elementor-widget-container\">\n\t\t\t\t\t\t\t\t\t<p><strong>INFORMACI\u00d3N GENERAL<\/strong><\/p><p>En cumplimiento de la Ley 34\/2002, de 11 de julio, de Servicios de la Sociedad de la Informaci\u00f3n y del Comercio Electr\u00f3nico, se informa que el dominio www.lapastisseria.cat es titularidad de La Pastisseria S.L. con NIF: B-61504940, con domicilio fiscal en C\/ Men\u00e9ndez Pelayo, 14, Cornella de Llobregat (Barcelona). Cualquier uso de esta web implica la aceptaci\u00f3n de todas las condiciones incluidas en este aviso legal y el sometimiento a la legislaci\u00f3n espa\u00f1ola en todo momento, renunciando expresamente a cualquier otro fuero. Estas condiciones y reglas ser\u00e1n vigentes siempre que se acceda al web de La Pastisseria S.L.<\/p><p><strong>GARANT\u00cdAS Y RESPONSABILIDADES<\/strong><\/p><p>Pastisseria S.L. a trav\u00e9s de su p\u00e1gina web ofrece informaci\u00f3n y servicios sin garant\u00eda expresa o impl\u00edcita de su exactitud o integridad. El usuario que accede al web reconoce y acepta voluntaria y expresamente la responsabilidad del uso de \u00e9sta. Del mismo modo se compromete a no realizar ning\u00fan acto que pueda infringir la ley o las condiciones establecidas en estos t\u00e9rminos legales. La utilizaci\u00f3n no autorizada de la informaci\u00f3n contenida en el web podr\u00e1 comportar las correspondientes responsabilidades legalmente establecidas.<\/p><p>La Pastisseria S.L. se reserva el derecho de efectuar, en cualquier momento y sin necesidad de previo aviso, modificaciones y actualizaciones de la informaci\u00f3n contenida en la web, de su configuraci\u00f3n y presentaci\u00f3n y de las condiciones generales, as\u00ed como de eliminar informaci\u00f3n contenida en \u00e9sta o de suspender temporalmente la accesibilidad al web.<\/p><p>La Pastisseria S.L. no garantiza la inexistencia de interrupciones o errores en el acceso a la web o a su contenido, ni se har\u00e1 responsable de posibles problemas t\u00e9cnicos que se produzcan durante la conexi\u00f3n a Internet. Igualmente se excluye de toda responsabilidad que se pudiera derivar de interferencias, omisiones o virus inform\u00e1ticos, motivados por causas ajenas al titular del web, as\u00ed como de da\u00f1os causados por terceras personas mediante intromisiones ileg\u00edtimas al sistema inform\u00e1tico fuera del control del titular del web.<\/p><p>La Pastisseria S.L. no garantiza la aplicaci\u00f3n de esta Pol\u00edtica de Privacidad a accesos mediante enlaces de terceros a este web, ni los enlaces de esta web a otras webs.<\/p><p>De acuerdo con estos t\u00e9rminos legales y con lo que establece la Ley 34\/2002, de 11 de julio, de Servicios de la Sociedad de la Informaci\u00f3n y Comercio Electr\u00f3nico, todo enlace de terceros a esta web deber\u00e1 hacerse a su p\u00e1gina principal o de entrada, previa autorizaci\u00f3n y por escrito de La Pastisseria S.L. y no podr\u00e1n realizar ninguna modificaci\u00f3n, limitaci\u00f3n ni ning\u00fan tipo de manifestaci\u00f3n sobre la web, con el compromiso de cumplir con el resto de previsiones de esta normativa.<\/p><p><strong>PROPIEDAD INTELECTUAL<\/strong><\/p><p>Esta web se rige por las leyes espa\u00f1olas y por la legislaci\u00f3n nacional e internacional sobre propiedad intelectual e industrial.<\/p><p>Los contenidos que incorpora o muestra la web, incluyendo los textos, contenidos audiovisuales, c\u00f3digo fuente, dise\u00f1o gr\u00e1fico, logos, marcas y el resto de contenidos incluidos en la p\u00e1gina web www.lapastisseria.cat, son propiedad de La Pastisseria S.L. y est\u00e1n amparados por la normativa reguladora de la Propiedad Intelectual e Industrial. Por ello, cualquier uso no autorizado previamente por el titular de estos contenidos, incluidos bases de datos, programes inform\u00e1ticos, edici\u00f3n, programaci\u00f3n, compilaci\u00f3n y otros elementos necesarios para su funcionamiento, ser\u00e1 considerado un incumplimiento grave de los derechos de propiedad intelectual o industrial.<\/p><p>Asimismo, aquellos contenidos que pudiera contener la web, tales como videos, im\u00e1genes, etc. y que no fueran titularidad de La Pastisseria S.L. est\u00e1n incluidos en la web con la autorizaci\u00f3n de sus titulares para su uso y comunicaci\u00f3n y est\u00e1n protegidas por los correspondientes derechos de propiedad intelectual. Por tanto, la empresa no se hace responsable del mal uso que se pueda hacer de los contenidos de su p\u00e1gina web.<\/p><p>No se entender\u00e1 en ning\u00fan caso que el acceso y navegaci\u00f3n o el uso de los servicios ofrecidos concedan ning\u00fan tipo de licencia o cesi\u00f3n total o parcial de los derechos de propiedad intelectual e industrial a los usuarios; de modo que corresponde el ejercicio exclusivo de estos derechos a La Pastisseria S.L. y queda expresamente prohibida cualquier transmisi\u00f3n, reproducci\u00f3n, distribuci\u00f3n, comunicaci\u00f3n p\u00fablica o transformaci\u00f3n total o parcial de los mismos sin previo consentimiento de los titulares.<\/p>\t\t\t\t\t\t\t\t<\/div>\n\t\t\t\t<\/div>\n\t\t\t\t\t<\/div>\n\t\t<\/div>\n\t\t\t\t\t<\/div>\n\t\t<\/section>\n\t\t\t\t<section class=\"elementor-section elementor-top-section elementor-element elementor-element-82782d9 elementor-section-boxed elementor-section-height-default elementor-section-height-default\" data-id=\"82782d9\" data-element_type=\"section\">\n\t\t\t\t\t\t<div class=\"elementor-container elementor-column-gap-default\">\n\t\t\t\t\t<div class=\"elementor-column elementor-col-100 elementor-top-column elementor-element elementor-element-2d5e487\" data-id=\"2d5e487\" data-element_type=\"column\">\n\t\t\t<div class=\"elementor-widget-wrap elementor-element-populated\">\n\t\t\t\t\t\t<div class=\"elementor-element elementor-element-3ea1dd2 lte-heading-style-default elementor-widget elementor-widget-lte-header\" data-id=\"3ea1dd2\" data-element_type=\"widget\" data-widget_type=\"lte-header.default\">\n\t\t\t\t<div class=\"elementor-widget-container\">\n\t\t\t\t\t<div class=\"lte-heading lte-style-default lte-color-main lte-subcolor-main heading-tag-h5 heading-subtag-h6\"><div class=\"lte-heading-content\"><h5 class=\"lte-header\">POL\u00cdTICA DE PRIVACIDAD<\/h5><\/div><\/div>\t\t\t\t<\/div>\n\t\t\t\t<\/div>\n\t\t\t\t<div class=\"elementor-element elementor-element-64c92ae elementor-widget__width-inherit elementor-widget elementor-widget-text-editor\" data-id=\"64c92ae\" data-element_type=\"widget\" data-widget_type=\"text-editor.default\">\n\t\t\t\t<div class=\"elementor-widget-container\">\n\t\t\t\t\t\t\t\t\t<div class=\"content\"><p>La Pastisseria S.L., titular del dominio www.lapastisseria.cat, mantiene la confidencialidad de los datos personales objeto de tratamiento de los usuarios de esta web, en cumplimiento de la legislaci\u00f3n vigente sobre privacidad y, espec\u00edficamente de la Ley Org\u00e1nica 15\/1999, de 13 de diciembre, de protecci\u00f3n de datos de car\u00e1cter personal, su normativa de desarrollo y resto de normativa aplicable.<\/p><p>Los datos personales de los usuarios, incluidos en ficheros de los que La Pastisseria S.L. es responsable, est\u00e1n protegidos seg\u00fan el nivel de seguridad exigido en el Real Decreto 1720\/2007, de 21 de diciembre, por el que se aprueba el Reglamento de desarrollo de la Ley Org\u00e1nica 15\/1999.<\/p><p>De acuerdo con lo previsto por las normas citadas, La Pastisseria S.L. informa que los datos personales que puedan recogerse a trav\u00e9s del web www.lapastisseria.cat, se incluir\u00e1n en los correspondientes ficheros de titularidad de La Pastisseria S.L., con las finalidades previstas en cada procedimiento de recogida de datos personales y estrictamente por el tiempo necesario para el cumplimiento de las citadas finalidades previstas, siempre que, cuando proceda, no haya manifestado su negativa al tratamiento.<\/p><p>Asimismo, le informamos que al enviar un mensaje de correo electr\u00f3nico al correo electr\u00f3nico de contacto info@lapastisseria.cat o al complumentar cualquier formulario de la web, da su consentimiento expreso para que La Pastisseria S.L. pueda utilizar sus datos personales para el env\u00edo de informaci\u00f3n sobre sus actividades o servicios a trav\u00e9s de correo postal o del correo electr\u00f3nico facilitado por el usuario, siempre que no se oponga a este tratamiento, manifest\u00e1ndolo en la descripci\u00f3n de la Consulta o mediante un mensaje de correo electr\u00f3nico al correo electr\u00f3nico info@lapastisseria.cat.<\/p><p>El usuario garantiza que los datos personales facilitados son veraces, exactos y completos, y se responsabiliza de notificar cualquier cambio sobre los mismos. En el caso de que un usuario facilite datos personales de terceros deber\u00e1, con car\u00e1cter previo , informarles de lo establecido en la presente pol\u00edtica de privacidad, siendo el \u00fanico responsable de su tratamiento.<\/p><p>En caso de que un usuario quiera obtener alguna aclaraci\u00f3n en relaci\u00f3n a la confidencialidad sobre el tratamiento de sus datos, o bien quiera ejercer alguno de los derechos de acceso, oposici\u00f3n, rectificaci\u00f3n y cancelaci\u00f3n o cualquier otro derecho que legalmente le corresponda, puede dirigirse por correo electr\u00f3nico a info@lapastisseria.cat, acompa\u00f1ando a la solicitud una fotocopia del DNI.<\/p><\/div>\t\t\t\t\t\t\t\t<\/div>\n\t\t\t\t<\/div>\n\t\t\t\t\t<\/div>\n\t\t<\/div>\n\t\t\t\t\t<\/div>\n\t\t<\/section>\n\t\t\t\t<section class=\"elementor-section elementor-top-section elementor-element elementor-element-5dfe873 elementor-section-boxed elementor-section-height-default elementor-section-height-default\" data-id=\"5dfe873\" data-element_type=\"section\">\n\t\t\t\t\t\t<div class=\"elementor-container elementor-column-gap-default\">\n\t\t\t\t\t<div class=\"elementor-column elementor-col-100 elementor-top-column elementor-element elementor-element-479857a\" data-id=\"479857a\" data-element_type=\"column\">\n\t\t\t<div class=\"elementor-widget-wrap elementor-element-populated\">\n\t\t\t\t\t\t<div class=\"elementor-element elementor-element-5445423 lte-heading-style-default elementor-widget elementor-widget-lte-header\" data-id=\"5445423\" data-element_type=\"widget\" data-widget_type=\"lte-header.default\">\n\t\t\t\t<div class=\"elementor-widget-container\">\n\t\t\t\t\t<div class=\"lte-heading lte-style-default lte-color-main lte-subcolor-main heading-tag-h5 heading-subtag-h6\"><div class=\"lte-heading-content\"><h5 class=\"lte-header\">POL\u00cdTICA DE COOKIES<\/h5><\/div><\/div>\t\t\t\t<\/div>\n\t\t\t\t<\/div>\n\t\t\t\t<div class=\"elementor-element elementor-element-225640d elementor-widget__width-inherit elementor-widget elementor-widget-text-editor\" data-id=\"225640d\" data-element_type=\"widget\" data-widget_type=\"text-editor.default\">\n\t\t\t\t<div class=\"elementor-widget-container\">\n\t\t\t\t\t\t\t\t\t<p>De acuerdo con lo que establece la Ley 34\/2002, de 11 de julio, de Servicios de la Sociedad de la Informaci\u00f3n y de Comercio Electr\u00f3nico y el Real Decreto 13\/2012, le informamos que en La Pastisseria S.L. utilizamos cookies con el objetivo de prestar un mejor servicio y proporcionarle una \u00f3ptima navegaci\u00f3n.<\/p><p>Una\u00a0<strong>cookie<\/strong>\u00a0es un peque\u00f1o archivo que se descarga en su equipo (pc, tablet, smartphone, etc.) para almacenar informaci\u00f3n sobre su navegaci\u00f3n. Las cookies son esenciales para el buen funcionamiento de internet y de nuestra p\u00e1gina web facilit\u00e1ndole la navegaci\u00f3n y usabilidad de los mismos.<\/p><p>A fin de que conozca el uso que hace La Pastisseria S.L. en su p\u00e1gina web de las cookies, es necesario que tenga en cuenta las siguientes definiciones sobre cookies:<\/p><p>Seg\u00fan la\u00a0<strong>entidad que las gestione<\/strong>, pueden ser:<\/p><ul><li><em><strong>Propias:<\/strong><\/em> <em>Son enviadas desde un equipo o dominio gestionado por La Pastisseria S.L.<\/em><\/li><li><em><strong>De terceros: <\/strong>Son enviadas desde un equipo o dominio que no es gestionado por La Pastisseria S.L.<\/em><\/li><\/ul><p>Seg\u00fan el\u00a0<strong>plazo de tiempo en que permanecen activadas<\/strong>, pueden ser:<\/p><ul><li><em><strong>De sesi\u00f3n: <\/strong>Recaban datos mientras el usuario accede a la p\u00e1gina web.<\/em><\/li><li><em><strong>Permanentes: <\/strong>Permiten acceder a los datos en el terminal por un periodo definido por el responsable de la cookie (minutos o a\u00f1os).<\/em><\/li><\/ul><p>Seg\u00fan su\u00a0<strong>finalidad<\/strong>, pueden ser:<\/p><ul><li><em><strong>Necesario (T\u00e9cnicas): <\/strong>Permiten al usuario la navegaci\u00f3n a trav\u00e9s de una p\u00e1gina web y el uso de las diferentes opciones o servicios. Ayudan a hacer una pa\u0301gina web utilizable activando funciones ba\u0301sicas como la navegacio\u0301n en la pa\u0301gina y el acceso a a\u0301reas seguras de la pa\u0301gina web. La pa\u0301gina web no puede funcionar adecuadamente sin estas cookies.<\/em><\/li><li><em><strong>Preferencias (Personalizaci\u00f3n): <\/strong>Las cookies de preferencias permiten a la pa\u0301gina web recordar informacio\u0301n que cambia la forma en que la pa\u0301gina se comporta o el aspecto que tiene, como su idioma preferido o la regio\u0301n en la que usted se encuentra\u00a0(minutos o a\u00f1os).<\/em><\/li><li><em><strong>Estadi\u0301stica (An\u00e1lisis): <\/strong>Las cookies estadi\u0301sticas ayudan a los propietarios de pa\u0301ginas web a comprender co\u0301mo interactu\u0301an los visitantes con las pa\u0301ginas web reuniendo y proporcionando informacio\u0301n de forma ano\u0301nima.<\/em><\/li><li><em><strong>Marketing (Publicitarias): <\/strong>Las cookies de marketing se utilizan para rastrear a los visitantes en las pa\u0301ginas web. La intencio\u0301n es mostrar anuncios relevantes y atractivos para el usuario individual, y por lo tanto, ma\u0301s valiosos para los editores<\/em> <em>y terceros anunciantes.<\/em><\/li><\/ul><p>Finalmente le informamos de que integramos a nuestra p\u00e1gina web m\u00f3dulos de acceso a redes sociales como Facebook, Linkedin, Twitter, Instagram o otros para facilitar que comparta nuestros contenidos en estas redes sociales.<\/p><p>Por favor, si tuviera alguna duda o consulta sobre nuestra Pol\u00edtica de Cookies, escriba a:<a href=\"mailto:%20info@lapastisseria.cat\"> info@lapastisseria.cat<\/a>.<\/p>\t\t\t\t\t\t\t\t<\/div>\n\t\t\t\t<\/div>\n\t\t\t\t\t<\/div>\n\t\t<\/div>\n\t\t\t\t\t<\/div>\n\t\t<\/section>\n\t\t\t\t<\/div>\n\t\t","protected":false},"excerpt":{"rendered":"<p>T\u00c9RMINOS LEGALES INFORMACI\u00d3N GENERAL En cumplimiento de la Ley 34\/2002, de 11 de julio, de Servicios de la Sociedad de la Informaci\u00f3n y del Comercio Electr\u00f3nico, se informa que el dominio www.lapastisseria.cat es titularidad de La Pastisseria S.L. con NIF: B-61504940, con domicilio fiscal en C\/ Men\u00e9ndez Pelayo, 14, Cornella de Llobregat (Barcelona). Cualquier uso [&hellip;]<\/p>\n","protected":false},"author":1,"featured_media":15698,"parent":0,"menu_order":0,"comment_status":"closed","ping_status":"closed","template":"","meta":{"footnotes":""},"class_list":["post-16415","page","type-page","status-publish","has-post-thumbnail","hentry"],"_links":{"self":[{"href":"https:\/\/lapastisseria.cat\/es\/wp-json\/wp\/v2\/pages\/16415","targetHints":{"allow":["GET"]}}],"collection":[{"href":"https:\/\/lapastisseria.cat\/es\/wp-json\/wp\/v2\/pages"}],"about":[{"href":"https:\/\/lapastisseria.cat\/es\/wp-json\/wp\/v2\/types\/page"}],"author":[{"embeddable":true,"href":"https:\/\/lapastisseria.cat\/es\/wp-json\/wp\/v2\/users\/1"}],"replies":[{"embeddable":true,"href":"https:\/\/lapastisseria.cat\/es\/wp-json\/wp\/v2\/comments?post=16415"}],"version-history":[{"count":26,"href":"https:\/\/lapastisseria.cat\/es\/wp-json\/wp\/v2\/pages\/16415\/revisions"}],"predecessor-version":[{"id":18668,"href":"https:\/\/lapastisseria.cat\/es\/wp-json\/wp\/v2\/pages\/16415\/revisions\/18668"}],"wp:featuredmedia":[{"embeddable":true,"href":"https:\/\/lapastisseria.cat\/es\/wp-json\/wp\/v2\/media\/15698"}],"wp:attachment":[{"href":"https:\/\/lapastisseria.cat\/es\/wp-json\/wp\/v2\/media?parent=16415"}],"curies":[{"name":"wp","href":"https:\/\/api.w.org\/{rel}","templated":true}]}}