{"id":16437,"date":"2025-03-18T11:51:21","date_gmt":"2025-03-18T10:51:21","guid":{"rendered":"https:\/\/lapastisseria.cat\/?page_id=16437"},"modified":"2025-05-08T14:20:02","modified_gmt":"2025-05-08T12:20:02","slug":"contacto","status":"publish","type":"page","link":"https:\/\/lapastisseria.cat\/es\/contacto\/","title":{"rendered":"Contacto"},"content":{"rendered":"\t\t<div data-elementor-type=\"wp-page\" data-elementor-id=\"16437\" class=\"elementor elementor-16437\" data-elementor-post-type=\"page\">\n\t\t\t\t\t\t<section class=\"elementor-section elementor-top-section elementor-element elementor-element-24bc58b elementor-section-boxed elementor-section-height-default elementor-section-height-default\" data-id=\"24bc58b\" data-element_type=\"section\">\n\t\t\t\t\t\t<div class=\"elementor-container elementor-column-gap-no\">\n\t\t\t\t\t<div class=\"elementor-column elementor-col-100 elementor-top-column elementor-element elementor-element-16f4924\" data-id=\"16f4924\" data-element_type=\"column\">\n\t\t\t<div class=\"elementor-widget-wrap elementor-element-populated\">\n\t\t\t\t\t\t<div class=\"elementor-element elementor-element-e5c103a elementor-widget elementor-widget-lte-icons\" data-id=\"e5c103a\" data-element_type=\"widget\" data-widget_type=\"lte-icons.default\">\n\t\t\t\t<div class=\"elementor-widget-container\">\n\t\t\t\t\t<ul class=\"lte-block-icon has-descr  icons-count-3 lte-icon-space-md lte-icon-shape-default lte-icon-background-disabled lte-icon-border-disabled lte-icon-color-main lte-icon-divider-dashed lte-icon-inner-padding-no lte-icon-size-small lte-header-color-default lte-icon-type-top lte-icon-align- layout-cols3 lte-additional-disabled\"><li class=\" col-lg-4 col-md-4 col-sm-4 col-ms-12 col-xs-12\"><div   class=\"lte-inner\"><i aria-hidden=\"true\" class=\"icon icon-location\"><\/i><span class=\"lte-icon-content\"> <span class=\"lte-header lte-h6\"> Vis\u00edtanos <\/span> <span class=\"lte-descr\">C\/Marcelino Men\u00e9ndez y Pelayo, 12<br \/>\nCornell\u00e1 de Llobregat<br \/>\n(Barcelona)<\/span><\/span><\/div><\/li><li class=\" col-lg-4 col-md-4 col-sm-4 col-ms-12 col-xs-12\"><div   class=\"lte-inner\"><i aria-hidden=\"true\" class=\"far fa-calendar-alt\"><\/i><span class=\"lte-icon-content\"> <span class=\"lte-header lte-h6\"> Horario <\/span> <span class=\"lte-descr\">Martes - Viernes:<br \/>\n7:30h - 13:30h<br \/>\n16.30h - 20.30h<br \/>\n<br \/>\nS\u00e1bados:<br \/>\n7:30h - 14:30h<br \/>\n17:00h - 20:30h<br \/>\n<br \/>\nDomingos y festivos:<br \/>\n7:30h - 14:30h<\/span><\/span><\/div><\/li><li class=\" col-lg-4 col-md-4 col-sm-4 col-ms-12 col-xs-12\"><div   class=\"lte-inner\"><i aria-hidden=\"true\" class=\"icon icon-phone-call\"><\/i><span class=\"lte-icon-content\"> <span class=\"lte-header lte-h6\"> Pedidos <\/span> <span class=\"lte-descr\">(Si quieres realizar alg\u00fan pedido, debes hacerlo con 24 o 48 horas de antelaci\u00f3n).<br \/>\n<br \/>\nLos encargos para el mismo d\u00eda deben confirmarse llamando al tel\u00e9fono:<br \/>\n<br \/>\n+34 933 77 85 88<br \/>\n<br \/>\nLos encargos de los viernes a partir de las 14:00h<br \/>\ntienen que ser por tel\u00e9fono o presencialmente<br \/>\n(no se cogeran por correo electr\u00f3nico).<\/span><\/span><\/div><\/li><\/ul>\t\t\t\t<\/div>\n\t\t\t\t<\/div>\n\t\t\t\t<div class=\"elementor-element elementor-element-b2abee8 elementor-widget elementor-widget-spacer\" data-id=\"b2abee8\" data-element_type=\"widget\" data-widget_type=\"spacer.default\">\n\t\t\t\t<div class=\"elementor-widget-container\">\n\t\t\t\t\t\t\t<div class=\"elementor-spacer\">\n\t\t\t<div class=\"elementor-spacer-inner\"><\/div>\n\t\t<\/div>\n\t\t\t\t\t\t<\/div>\n\t\t\t\t<\/div>\n\t\t\t\t\t<\/div>\n\t\t<\/div>\n\t\t\t\t\t<\/div>\n\t\t<\/section>\n\t\t\t\t<section class=\"elementor-section elementor-top-section elementor-element elementor-element-2db5449 elementor-section-full_width elementor-section-stretched elementor-section-height-default elementor-section-height-default\" data-id=\"2db5449\" data-element_type=\"section\" data-settings=\"{&quot;stretch_section&quot;:&quot;section-stretched&quot;}\">\n\t\t\t\t\t\t<div class=\"elementor-container elementor-column-gap-no\">\n\t\t\t\t\t<div class=\"elementor-column elementor-col-100 elementor-top-column elementor-element elementor-element-1da62af\" data-id=\"1da62af\" data-element_type=\"column\">\n\t\t\t<div class=\"elementor-widget-wrap elementor-element-populated\">\n\t\t\t\t\t\t<div class=\"elementor-element elementor-element-13cc953 elementor-widget elementor-widget-lte-googlemaps\" data-id=\"13cc953\" data-element_type=\"widget\" data-widget_type=\"lte-googlemaps.default\">\n\t\t\t\t<div class=\"elementor-widget-container\">\n\t\t\t\t\t<div id=\"lte-google-map-1891619482\" data-marker=\"https:\/\/lapastisseria.cat\/wp-content\/themes\/crems\/assets\/images\/location.png\" class=\"lte-google-maps\" data-lng=\"2.072437\"\t data-lat=\"41.353938\" data-zoom=\"16\" style=\"width: 100%; height: 600px;\"><\/div>\t\t\t\t<\/div>\n\t\t\t\t<\/div>\n\t\t\t\t\t<\/div>\n\t\t<\/div>\n\t\t\t\t\t<\/div>\n\t\t<\/section>\n\t\t\t\t<\/div>\n\t\t","protected":false},"excerpt":{"rendered":"<p>Vis\u00edtanos C\/Marcelino Men\u00e9ndez y Pelayo, 12 Cornell\u00e1 de Llobregat (Barcelona) Horario Martes &#8211; Viernes: 7:30h &#8211; 13:30h 16.30h &#8211; 20.30h S\u00e1bados: 7:30h &#8211; 14:30h 17:00h &#8211; 20:30h Domingos y festivos: 7:30h &#8211; 14:30h Pedidos (Si quieres realizar alg\u00fan pedido, debes hacerlo con 24 o 48 horas de antelaci\u00f3n). Los encargos para el mismo d\u00eda deben [&hellip;]<\/p>\n","protected":false},"author":1,"featured_media":15767,"parent":0,"menu_order":0,"comment_status":"closed","ping_status":"closed","template":"","meta":{"footnotes":""},"class_list":["post-16437","page","type-page","status-publish","has-post-thumbnail","hentry"],"_links":{"self":[{"href":"https:\/\/lapastisseria.cat\/es\/wp-json\/wp\/v2\/pages\/16437","targetHints":{"allow":["GET"]}}],"collection":[{"href":"https:\/\/lapastisseria.cat\/es\/wp-json\/wp\/v2\/pages"}],"about":[{"href":"https:\/\/lapastisseria.cat\/es\/wp-json\/wp\/v2\/types\/page"}],"author":[{"embeddable":true,"href":"https:\/\/lapastisseria.cat\/es\/wp-json\/wp\/v2\/users\/1"}],"replies":[{"embeddable":true,"href":"https:\/\/lapastisseria.cat\/es\/wp-json\/wp\/v2\/comments?post=16437"}],"version-history":[{"count":70,"href":"https:\/\/lapastisseria.cat\/es\/wp-json\/wp\/v2\/pages\/16437\/revisions"}],"predecessor-version":[{"id":18908,"href":"https:\/\/lapastisseria.cat\/es\/wp-json\/wp\/v2\/pages\/16437\/revisions\/18908"}],"wp:featuredmedia":[{"embeddable":true,"href":"https:\/\/lapastisseria.cat\/es\/wp-json\/wp\/v2\/media\/15767"}],"wp:attachment":[{"href":"https:\/\/lapastisseria.cat\/es\/wp-json\/wp\/v2\/media?parent=16437"}],"curies":[{"name":"wp","href":"https:\/\/api.w.org\/{rel}","templated":true}]}}